{"id":1746,"date":"2024-02-15T21:31:13","date_gmt":"2024-02-15T20:31:13","guid":{"rendered":"https:\/\/sarm-dz.com\/?page_id=1746"},"modified":"2024-03-15T12:17:39","modified_gmt":"2024-03-15T11:17:39","slug":"videotheque","status":"publish","type":"page","link":"https:\/\/sarm-dz.com\/index.php\/videotheque\/","title":{"rendered":"Vid\u00e9oth\u00e8que"},"content":{"rendered":"\t\t<div data-elementor-type=\"wp-page\" data-elementor-id=\"1746\" class=\"elementor elementor-1746\">\n\t\t\t\t<div class=\"elementor-element elementor-element-9763cbb e-flex e-con-boxed e-con e-parent\" data-id=\"9763cbb\" data-element_type=\"container\">\n\t\t\t\t\t<div class=\"e-con-inner\">\n\t\t\t\t<div class=\"elementor-element elementor-element-7a22caf exad-sticky-section-no exad-glass-effect-no elementor-widget elementor-widget-heading\" data-id=\"7a22caf\" data-element_type=\"widget\" data-widget_type=\"heading.default\">\n\t\t\t\t<div class=\"elementor-widget-container\">\n\t\t\t\t\t<h3 class=\"elementor-heading-title elementor-size-default\">Vid\u00e9oth\u00e8que<\/h3>\t\t\t\t<\/div>\n\t\t\t\t<\/div>\n\t\t\t\t<div class=\"elementor-element elementor-element-007d11f exad-sticky-section-no exad-glass-effect-no elementor-widget elementor-widget-text-editor\" data-id=\"007d11f\" data-element_type=\"widget\" data-widget_type=\"text-editor.default\">\n\t\t\t\t<div class=\"elementor-widget-container\">\n\t\t\t\t\t\t\t\t\t<p>D\u00e9couvrez les moments forts de nos \u00e9v\u00e9nements pass\u00e9s, conf\u00e9rences, congr\u00e8s et forums dans notre vid\u00e9oth\u00e8que. Plongez dans notre collection de vid\u00e9os captivantes pour revivre les discussions, les pr\u00e9sentations et les moments inspirants de nos pr\u00e9c\u00e9dents \u00e9v\u00e9nements. Explorez notre archive vid\u00e9o et laissez-vous immerger dans l&rsquo;exp\u00e9rience de la Soci\u00e9t\u00e9 Alg\u00e9rienne de la Recherche M\u00e9dicale (S.A.R.M).<\/p>\t\t\t\t\t\t\t\t<\/div>\n\t\t\t\t<\/div>\n\t\t\t\t\t<\/div>\n\t\t\t\t<\/div>\n\t\t<div class=\"elementor-element elementor-element-4f74cc7 e-flex e-con-boxed e-con e-parent\" data-id=\"4f74cc7\" data-element_type=\"container\">\n\t\t\t\t\t<div class=\"e-con-inner\">\n\t\t<div class=\"elementor-element elementor-element-85deec6 e-con-full e-flex e-con e-child\" data-id=\"85deec6\" data-element_type=\"container\">\n\t\t\t\t<div class=\"elementor-element elementor-element-f08f290 exad-sticky-section-no exad-glass-effect-no elementor-widget elementor-widget-heading\" data-id=\"f08f290\" data-element_type=\"widget\" data-widget_type=\"heading.default\">\n\t\t\t\t<div class=\"elementor-widget-container\">\n\t\t\t\t\t<h2 class=\"elementor-heading-title elementor-size-default\">1\u00e8re Journ\u00e9es de la recherche clinique en Alg\u00e9rie<\/h2>\t\t\t\t<\/div>\n\t\t\t\t<\/div>\n\t\t\t\t<div class=\"elementor-element elementor-element-a6c0ebc exad-sticky-section-no exad-glass-effect-no elementor-widget elementor-widget-video\" data-id=\"a6c0ebc\" data-element_type=\"widget\" data-settings=\"{&quot;youtube_url&quot;:&quot;https:\\\/\\\/youtu.be\\\/gd1ufdfy0MA&quot;,&quot;video_type&quot;:&quot;youtube&quot;,&quot;controls&quot;:&quot;yes&quot;}\" data-widget_type=\"video.default\">\n\t\t\t\t<div class=\"elementor-widget-container\">\n\t\t\t\t\t\t\t<div class=\"elementor-wrapper elementor-open-inline\">\n\t\t\t<div class=\"elementor-video\"><\/div>\t\t<\/div>\n\t\t\t\t\t\t<\/div>\n\t\t\t\t<\/div>\n\t\t\t\t<\/div>\n\t\t<div class=\"elementor-element elementor-element-2fdadd5 e-con-full e-flex e-con e-child\" data-id=\"2fdadd5\" data-element_type=\"container\">\n\t\t\t\t<div class=\"elementor-element elementor-element-b003972 exad-sticky-section-no exad-glass-effect-no elementor-widget elementor-widget-heading\" data-id=\"b003972\" data-element_type=\"widget\" data-widget_type=\"heading.default\">\n\t\t\t\t<div class=\"elementor-widget-container\">\n\t\t\t\t\t<h2 class=\"elementor-heading-title elementor-size-default\">L'histoire de la Soci\u00e9t\u00e9e Alg\u00e9rienne de la Recherche M\u00e9dicale<\/h2>\t\t\t\t<\/div>\n\t\t\t\t<\/div>\n\t\t\t\t<div class=\"elementor-element elementor-element-aaba992 exad-sticky-section-no exad-glass-effect-no elementor-widget elementor-widget-video\" data-id=\"aaba992\" data-element_type=\"widget\" data-settings=\"{&quot;youtube_url&quot;:&quot;https:\\\/\\\/youtu.be\\\/N8oW7H-kfys&quot;,&quot;video_type&quot;:&quot;youtube&quot;,&quot;controls&quot;:&quot;yes&quot;}\" data-widget_type=\"video.default\">\n\t\t\t\t<div class=\"elementor-widget-container\">\n\t\t\t\t\t\t\t<div class=\"elementor-wrapper elementor-open-inline\">\n\t\t\t<div class=\"elementor-video\"><\/div>\t\t<\/div>\n\t\t\t\t\t\t<\/div>\n\t\t\t\t<\/div>\n\t\t\t\t<\/div>\n\t\t<div class=\"elementor-element elementor-element-1ac05a7 e-con-full e-flex e-con e-child\" data-id=\"1ac05a7\" data-element_type=\"container\">\n\t\t\t\t<div class=\"elementor-element elementor-element-dd90144 exad-sticky-section-no exad-glass-effect-no elementor-widget elementor-widget-heading\" data-id=\"dd90144\" data-element_type=\"widget\" data-widget_type=\"heading.default\">\n\t\t\t\t<div class=\"elementor-widget-container\">\n\t\t\t\t\t<h2 class=\"elementor-heading-title elementor-size-default\">2\u00e8me Forum R\u00e9gional de l'Ouest de la SARM\n<\/h2>\t\t\t\t<\/div>\n\t\t\t\t<\/div>\n\t\t\t\t<div class=\"elementor-element elementor-element-6b31764 exad-sticky-section-no exad-glass-effect-no elementor-widget elementor-widget-video\" data-id=\"6b31764\" data-element_type=\"widget\" data-settings=\"{&quot;youtube_url&quot;:&quot;https:\\\/\\\/youtu.be\\\/f8Z_Fr4yx20&quot;,&quot;video_type&quot;:&quot;youtube&quot;,&quot;controls&quot;:&quot;yes&quot;}\" data-widget_type=\"video.default\">\n\t\t\t\t<div class=\"elementor-widget-container\">\n\t\t\t\t\t\t\t<div class=\"elementor-wrapper elementor-open-inline\">\n\t\t\t<div class=\"elementor-video\"><\/div>\t\t<\/div>\n\t\t\t\t\t\t<\/div>\n\t\t\t\t<\/div>\n\t\t\t\t<\/div>\n\t\t\t\t\t<\/div>\n\t\t\t\t<\/div>\n\t\t<div class=\"elementor-element elementor-element-6ef38d1 e-flex e-con-boxed e-con e-parent\" data-id=\"6ef38d1\" data-element_type=\"container\">\n\t\t\t\t\t<div class=\"e-con-inner\">\n\t\t<div class=\"elementor-element elementor-element-0cf32d7 e-con-full e-flex e-con e-child\" data-id=\"0cf32d7\" data-element_type=\"container\">\n\t\t\t\t<div class=\"elementor-element elementor-element-369cd4a exad-sticky-section-no exad-glass-effect-no elementor-widget elementor-widget-heading\" data-id=\"369cd4a\" data-element_type=\"widget\" data-widget_type=\"heading.default\">\n\t\t\t\t<div class=\"elementor-widget-container\">\n\t\t\t\t\t<h2 class=\"elementor-heading-title elementor-size-default\">couverture des 1eres  JRCA<\/h2>\t\t\t\t<\/div>\n\t\t\t\t<\/div>\n\t\t\t\t<div class=\"elementor-element elementor-element-c27f107 exad-sticky-section-no exad-glass-effect-no elementor-widget elementor-widget-video\" data-id=\"c27f107\" data-element_type=\"widget\" data-settings=\"{&quot;video_type&quot;:&quot;hosted&quot;,&quot;controls&quot;:&quot;yes&quot;}\" data-widget_type=\"video.default\">\n\t\t\t\t<div class=\"elementor-widget-container\">\n\t\t\t\t\t\t\t<div class=\"e-hosted-video elementor-wrapper elementor-open-inline\">\n\t\t\t\t\t<video class=\"elementor-video\" src=\"http:\/\/sarm-dz.com\/wp-content\/uploads\/2024\/02\/Premieres-journees-de-la-recherche-clinique-en-Algerie.mp4\" controls=\"\" preload=\"metadata\" controlsList=\"nodownload\"><\/video>\n\t\t\t\t<\/div>\n\t\t\t\t\t\t<\/div>\n\t\t\t\t<\/div>\n\t\t\t\t<\/div>\n\t\t<div class=\"elementor-element elementor-element-3706ff0 e-con-full e-flex e-con e-child\" data-id=\"3706ff0\" data-element_type=\"container\">\n\t\t\t\t<div class=\"elementor-element elementor-element-6fe662b exad-sticky-section-no exad-glass-effect-no elementor-widget elementor-widget-heading\" data-id=\"6fe662b\" data-element_type=\"widget\" data-widget_type=\"heading.default\">\n\t\t\t\t<div class=\"elementor-widget-container\">\n\t\t\t\t\t<h2 class=\"elementor-heading-title elementor-size-default\">2eme JRCA de la SARM<\/h2>\t\t\t\t<\/div>\n\t\t\t\t<\/div>\n\t\t\t\t<div class=\"elementor-element elementor-element-bb8f7bc exad-sticky-section-no exad-glass-effect-no elementor-widget elementor-widget-video\" data-id=\"bb8f7bc\" data-element_type=\"widget\" data-settings=\"{&quot;youtube_url&quot;:&quot;https:\\\/\\\/youtu.be\\\/Uyv8kqk1J0w&quot;,&quot;video_type&quot;:&quot;youtube&quot;,&quot;controls&quot;:&quot;yes&quot;}\" data-widget_type=\"video.default\">\n\t\t\t\t<div class=\"elementor-widget-container\">\n\t\t\t\t\t\t\t<div class=\"elementor-wrapper elementor-open-inline\">\n\t\t\t<div class=\"elementor-video\"><\/div>\t\t<\/div>\n\t\t\t\t\t\t<\/div>\n\t\t\t\t<\/div>\n\t\t\t\t<\/div>\n\t\t<div class=\"elementor-element elementor-element-3724ccc e-con-full e-flex e-con e-child\" data-id=\"3724ccc\" data-element_type=\"container\">\n\t\t\t\t<div class=\"elementor-element elementor-element-504b3c0 exad-sticky-section-no exad-glass-effect-no elementor-widget elementor-widget-heading\" data-id=\"504b3c0\" data-element_type=\"widget\" data-widget_type=\"heading.default\">\n\t\t\t\t<div class=\"elementor-widget-container\">\n\t\t\t\t\t<h2 class=\"elementor-heading-title elementor-size-default\">L'int\u00e9r\u00eat des recherches cliniques en Alg\u00e9rie <\/h2>\t\t\t\t<\/div>\n\t\t\t\t<\/div>\n\t\t\t\t<div class=\"elementor-element elementor-element-afcc419 exad-sticky-section-no exad-glass-effect-no elementor-widget elementor-widget-video\" data-id=\"afcc419\" data-element_type=\"widget\" data-settings=\"{&quot;youtube_url&quot;:&quot;https:\\\/\\\/youtu.be\\\/Nc3AJURSAXs&quot;,&quot;video_type&quot;:&quot;youtube&quot;,&quot;controls&quot;:&quot;yes&quot;}\" data-widget_type=\"video.default\">\n\t\t\t\t<div class=\"elementor-widget-container\">\n\t\t\t\t\t\t\t<div class=\"elementor-wrapper elementor-open-inline\">\n\t\t\t<div class=\"elementor-video\"><\/div>\t\t<\/div>\n\t\t\t\t\t\t<\/div>\n\t\t\t\t<\/div>\n\t\t\t\t<\/div>\n\t\t<div class=\"elementor-element elementor-element-3429fdf e-con-full e-flex e-con e-child\" data-id=\"3429fdf\" data-element_type=\"container\">\n\t\t\t\t<\/div>\n\t\t\t\t\t<\/div>\n\t\t\t\t<\/div>\n\t\t<div class=\"elementor-element elementor-element-bde4b31 e-flex e-con-boxed e-con e-parent\" data-id=\"bde4b31\" data-element_type=\"container\">\n\t\t\t\t\t<div class=\"e-con-inner\">\n\t\t\t\t\t<\/div>\n\t\t\t\t<\/div>\n\t\t<div class=\"elementor-element elementor-element-4e5927c e-flex e-con-boxed e-con e-parent\" data-id=\"4e5927c\" data-element_type=\"container\">\n\t\t\t\t\t<div class=\"e-con-inner\">\n\t\t\t\t\t<\/div>\n\t\t\t\t<\/div>\n\t\t\t\t<\/div>\n\t\t","protected":false},"excerpt":{"rendered":"<p>Vid\u00e9oth\u00e8que D\u00e9couvrez les moments forts de nos \u00e9v\u00e9nements pass\u00e9s, conf\u00e9rences, congr\u00e8s et forums dans notre vid\u00e9oth\u00e8que. Plongez dans notre collection de vid\u00e9os captivantes pour revivre les discussions, les pr\u00e9sentations et les moments inspirants de nos pr\u00e9c\u00e9dents \u00e9v\u00e9nements. Explorez notre archive <a href=\"https:\/\/sarm-dz.com\/index.php\/videotheque\/\" class=\"read-more\">Read More &#8230;<\/a><\/p>\n","protected":false},"author":2,"featured_media":0,"parent":0,"menu_order":0,"comment_status":"closed","ping_status":"closed","template":"","meta":{"om_disable_all_campaigns":false,"_monsterinsights_skip_tracking":false,"_monsterinsights_sitenote_active":false,"_monsterinsights_sitenote_note":"","_monsterinsights_sitenote_category":0,"footnotes":""},"aioseo_notices":[],"_links":{"self":[{"href":"https:\/\/sarm-dz.com\/index.php\/wp-json\/wp\/v2\/pages\/1746"}],"collection":[{"href":"https:\/\/sarm-dz.com\/index.php\/wp-json\/wp\/v2\/pages"}],"about":[{"href":"https:\/\/sarm-dz.com\/index.php\/wp-json\/wp\/v2\/types\/page"}],"author":[{"embeddable":true,"href":"https:\/\/sarm-dz.com\/index.php\/wp-json\/wp\/v2\/users\/2"}],"replies":[{"embeddable":true,"href":"https:\/\/sarm-dz.com\/index.php\/wp-json\/wp\/v2\/comments?post=1746"}],"version-history":[{"count":70,"href":"https:\/\/sarm-dz.com\/index.php\/wp-json\/wp\/v2\/pages\/1746\/revisions"}],"predecessor-version":[{"id":1958,"href":"https:\/\/sarm-dz.com\/index.php\/wp-json\/wp\/v2\/pages\/1746\/revisions\/1958"}],"wp:attachment":[{"href":"https:\/\/sarm-dz.com\/index.php\/wp-json\/wp\/v2\/media?parent=1746"}],"curies":[{"name":"wp","href":"https:\/\/api.w.org\/{rel}","templated":true}]}}