{"id":481,"date":"2024-01-28T10:26:47","date_gmt":"2024-01-28T10:26:47","guid":{"rendered":"https:\/\/sarm-dz.com\/?page_id=481"},"modified":"2024-02-10T08:20:17","modified_gmt":"2024-02-10T08:20:17","slug":"actualite","status":"publish","type":"page","link":"https:\/\/sarm-dz.com\/index.php\/actualite\/","title":{"rendered":"Actualit\u00e9s M\u00e9dicales"},"content":{"rendered":"\t\t<div data-elementor-type=\"wp-page\" data-elementor-id=\"481\" class=\"elementor elementor-481\">\n\t\t\t\t<div class=\"elementor-element elementor-element-14ec118 e-flex e-con-boxed e-con e-parent\" data-id=\"14ec118\" data-element_type=\"container\">\n\t\t\t\t\t<div class=\"e-con-inner\">\n\t\t<div class=\"elementor-element elementor-element-e2674ba e-flex e-con-boxed e-con e-child\" data-id=\"e2674ba\" data-element_type=\"container\">\n\t\t\t\t\t<div class=\"e-con-inner\">\n\t\t\t\t<div class=\"elementor-element elementor-element-21b450b elementor-widget__width-initial exad-sticky-section-no exad-glass-effect-no elementor-widget elementor-widget-heading\" data-id=\"21b450b\" data-element_type=\"widget\" data-widget_type=\"heading.default\">\n\t\t\t\t<div class=\"elementor-widget-container\">\n\t\t\t\t\t<h3 class=\"elementor-heading-title elementor-size-default\">Actualit\u00e9s M\u00e9dicales : D\u00e9couvrez les Derni\u00e8res Innovations<\/h3>\t\t\t\t<\/div>\n\t\t\t\t<\/div>\n\t\t\t\t<div class=\"elementor-element elementor-element-2c87809 exad-sticky-section-no exad-glass-effect-no elementor-widget elementor-widget-text-editor\" data-id=\"2c87809\" data-element_type=\"widget\" data-widget_type=\"text-editor.default\">\n\t\t\t\t<div class=\"elementor-widget-container\">\n\t\t\t\t\t\t\t\t\t<p>Plongez-vous dans les derni\u00e8res avanc\u00e9es m\u00e9dicales qui red\u00e9finissent le paysage de la sant\u00e9 et de la m\u00e9decine. Notre section Actualit\u00e9s M\u00e9dicales vous offre un aper\u00e7u exclusif des d\u00e9couvertes les plus r\u00e9centes, des \u00e9tudes r\u00e9volutionnaires et des d\u00e9veloppements technologiques dans le domaine m\u00e9dical. Restez inform\u00e9(e) des progr\u00e8s qui fa\u00e7onnent l&rsquo;avenir des soins de sant\u00e9 \u00e0 travers le monde. Parcourez nos articles pour d\u00e9couvrir les tendances \u00e9mergentes, les th\u00e9rapies novatrices et les recherches de pointe men\u00e9es par des experts de renomm\u00e9e internationale.<\/p>\t\t\t\t\t\t\t\t<\/div>\n\t\t\t\t<\/div>\n\t\t\t\t\t<\/div>\n\t\t\t\t<\/div>\n\t\t\t\t\t<\/div>\n\t\t\t\t<\/div>\n\t\t<div class=\"elementor-element elementor-element-4b3627fc e-flex e-con-boxed e-con e-parent\" data-id=\"4b3627fc\" data-element_type=\"container\">\n\t\t\t\t\t<div class=\"e-con-inner\">\n\t\t\t\t<div class=\"elementor-element elementor-element-2dafab54 exad-sticky-section-no exad-glass-effect-no elementor-widget elementor-widget-text-editor\" data-id=\"2dafab54\" data-element_type=\"widget\" data-widget_type=\"text-editor.default\">\n\t\t\t\t<div class=\"elementor-widget-container\">\n\t\t\t\t\t\t\t\t\t<div class=\"bdpp-wrap bdpp-lite bdpp-post-grid-wrap bdpp-post-data-wrap bdpp-design-2 bdpp-grid-3  bdpp-clearfix\" id=\"bdpp-post-grid-1\">\n<div class=\"bdpp-post-grid-inr-wrap bdpp-post-data-inr-wrap bdpp-clearfix\">\n<div class=\"bdpp-post-grid bdpp-col-3 bdpp-columns bdpp-post-506 bdpp-post-standard bdpp-first bdpp-has-thumb\">\n<div class=\"bdpp-post-grid-content\">\n<div class=\"bdpp-post-img-bg\">\n\t\t\t<a href=\"https:\/\/sarm-dz.com\/index.php\/2024\/01\/28\/la-medecine-regenerative-reparation-des-tissus-et-regeneration-des-organes\/\"><br \/>\n\t\t\t\t<img decoding=\"async\" src=\"https:\/\/sarm-dz.com\/wp-content\/uploads\/2024\/01\/cover-r4x3w1200-63b441b018a11-069-bsip-016447-098.jpg\" class=\"bdpp-img bdpp-post-feat-img\" alt=\"La m\u00e9decine r\u00e9g\u00e9n\u00e9rative : R\u00e9paration des tissus et r\u00e9g\u00e9n\u00e9ration des organes\" \/><br \/>\n\t\t\t<\/a>\n\t\t<\/div>\n<div class=\"bdpp-post-margin-content\">\n<div class=\"bdpp-post-cats\"><a class=\"bdpp-post-cat-link bdpp-post-cat-17 bdpp-post-cat-articles-des-adherent\" href=\"https:\/\/sarm-dz.com\/index.php\/category\/articles-des-adherent\/\">articles des adh\u00e9rent<\/a><\/div>\n<h2 class=\"bdpp-post-title\">\n\t\t\t\t<a href=\"https:\/\/sarm-dz.com\/index.php\/2024\/01\/28\/la-medecine-regenerative-reparation-des-tissus-et-regeneration-des-organes\/\">La m\u00e9decine r\u00e9g\u00e9n\u00e9rative : R\u00e9paration des tissus et r\u00e9g\u00e9n\u00e9ration des organes<\/a><br \/>\n\t\t\t<\/h2>\n<div class=\"bdpp-post-meta bdpp-post-meta-up\">\n\t\t\t\t<span class=\"bdpp-post-meta-data bdpp-post-date\"><i class=\"bdpp-fa fa-regular fa-clock\"><\/i>28 janvier 2024<\/span>\t\t\t<\/div>\n<div class=\"bdpp-post-content\">\n<div class=\"bdpp-post-desc\">La m\u00e9decine r\u00e9g\u00e9n\u00e9rative offre un horizon radieux dans le domaine m\u00e9dical, avec la possibilit\u00e9 de r\u00e9parer les tissus endommag\u00e9s et&#8230;<\/div>\n<p>\t\t\t\t\t\t\t\t\t<a href=\"https:\/\/sarm-dz.com\/index.php\/2024\/01\/28\/la-medecine-regenerative-reparation-des-tissus-et-regeneration-des-organes\/\" class=\"bdpp-rdmr-btn\">Lire la suite<\/a>\n\t\t\t\t\t\t\t<\/div>\n<\/p><\/div>\n<\/p><\/div>\n<\/div>\n<div class=\"bdpp-post-grid bdpp-col-3 bdpp-columns bdpp-post-502 bdpp-post-standard bdpp-has-thumb\">\n<div class=\"bdpp-post-grid-content\">\n<div class=\"bdpp-post-img-bg\">\n\t\t\t<a href=\"https:\/\/sarm-dz.com\/index.php\/2024\/01\/28\/les-applications-de-lintelligence-artificielle-dans-la-medecine\/\"><br \/>\n\t\t\t\t<img decoding=\"async\" src=\"https:\/\/sarm-dz.com\/wp-content\/uploads\/2024\/01\/intelligence-artificielle-imagerie-medicale-2.webp\" class=\"bdpp-img bdpp-post-feat-img\" alt=\"Les applications de l&rsquo;intelligence artificielle dans la m\u00e9decine\" \/><br \/>\n\t\t\t<\/a>\n\t\t<\/div>\n<div class=\"bdpp-post-margin-content\">\n<div class=\"bdpp-post-cats\"><a class=\"bdpp-post-cat-link bdpp-post-cat-17 bdpp-post-cat-articles-des-adherent\" href=\"https:\/\/sarm-dz.com\/index.php\/category\/articles-des-adherent\/\">articles des adh\u00e9rent<\/a><\/div>\n<h2 class=\"bdpp-post-title\">\n\t\t\t\t<a href=\"https:\/\/sarm-dz.com\/index.php\/2024\/01\/28\/les-applications-de-lintelligence-artificielle-dans-la-medecine\/\">Les applications de l&rsquo;intelligence artificielle dans la m\u00e9decine<\/a><br \/>\n\t\t\t<\/h2>\n<div class=\"bdpp-post-meta bdpp-post-meta-up\">\n\t\t\t\t<span class=\"bdpp-post-meta-data bdpp-post-date\"><i class=\"bdpp-fa fa-regular fa-clock\"><\/i>28 janvier 2024<\/span>\t\t\t<\/div>\n<div class=\"bdpp-post-content\">\n<div class=\"bdpp-post-desc\">L&#39;intelligence artificielle (IA) r\u00e9volutionne le paysage m\u00e9dical \u00e0 une vitesse fulgurante, offrant un \u00e9ventail d&#39;applications innovantes. Gr\u00e2ce \u00e0 des algorithmes&#8230;<\/div>\n<p>\t\t\t\t\t\t\t\t\t<a href=\"https:\/\/sarm-dz.com\/index.php\/2024\/01\/28\/les-applications-de-lintelligence-artificielle-dans-la-medecine\/\" class=\"bdpp-rdmr-btn\">Lire la suite<\/a>\n\t\t\t\t\t\t\t<\/div>\n<\/p><\/div>\n<\/p><\/div>\n<\/div>\n<div class=\"bdpp-post-grid bdpp-col-3 bdpp-columns bdpp-post-499 bdpp-post-standard bdpp-has-thumb\">\n<div class=\"bdpp-post-grid-content\">\n<div class=\"bdpp-post-img-bg\">\n\t\t\t<a href=\"https:\/\/sarm-dz.com\/index.php\/2024\/01\/28\/la-therapie-genique-espoir-pour-les-maladies-rares\/\"><br \/>\n\t\t\t\t<img decoding=\"async\" src=\"https:\/\/sarm-dz.com\/wp-content\/uploads\/2024\/01\/drepanocytose-therapie-genique-espoir-traitement-6dc7ad5b184f95c5.jpeg\" class=\"bdpp-img bdpp-post-feat-img\" alt=\"La th\u00e9rapie g\u00e9nique : Espoir pour les maladies rares\" \/><br \/>\n\t\t\t<\/a>\n\t\t<\/div>\n<div class=\"bdpp-post-margin-content\">\n<div class=\"bdpp-post-cats\"><a class=\"bdpp-post-cat-link bdpp-post-cat-17 bdpp-post-cat-articles-des-adherent\" href=\"https:\/\/sarm-dz.com\/index.php\/category\/articles-des-adherent\/\">articles des adh\u00e9rent<\/a><\/div>\n<h2 class=\"bdpp-post-title\">\n\t\t\t\t<a href=\"https:\/\/sarm-dz.com\/index.php\/2024\/01\/28\/la-therapie-genique-espoir-pour-les-maladies-rares\/\">La th\u00e9rapie g\u00e9nique : Espoir pour les maladies rares<\/a><br \/>\n\t\t\t<\/h2>\n<div class=\"bdpp-post-meta bdpp-post-meta-up\">\n\t\t\t\t<span class=\"bdpp-post-meta-data bdpp-post-date\"><i class=\"bdpp-fa fa-regular fa-clock\"><\/i>28 janvier 2024<\/span>\t\t\t<\/div>\n<div class=\"bdpp-post-content\">\n<div class=\"bdpp-post-desc\">La th\u00e9rapie g\u00e9nique repr\u00e9sente une lueur d&#39;espoir pour les millions de personnes touch\u00e9es par des maladies rares \u00e0 travers le&#8230;<\/div>\n<p>\t\t\t\t\t\t\t\t\t<a href=\"https:\/\/sarm-dz.com\/index.php\/2024\/01\/28\/la-therapie-genique-espoir-pour-les-maladies-rares\/\" class=\"bdpp-rdmr-btn\">Lire la suite<\/a>\n\t\t\t\t\t\t\t<\/div>\n<\/p><\/div>\n<\/p><\/div>\n<\/div>\n<div class=\"bdpp-post-grid bdpp-col-3 bdpp-columns bdpp-post-254 bdpp-post-standard bdpp-first bdpp-has-thumb\">\n<div class=\"bdpp-post-grid-content\">\n<div class=\"bdpp-post-img-bg\">\n\t\t\t<a href=\"https:\/\/sarm-dz.com\/index.php\/2024\/01\/20\/therapie-genique-revolutionnaire-un-espoir-pour-les-patients-atteints-de-dystrophie-musculaire\/\"><br \/>\n\t\t\t\t<img decoding=\"async\" src=\"https:\/\/sarm-dz.com\/wp-content\/uploads\/2024\/01\/robertnoufill_anatomie_du_cerveau_avec_des_zones_clairement_tiq_68ad5c3f-7f4a-4506-b661-60b1b29f5d7d.webp\" class=\"bdpp-img bdpp-post-feat-img\" alt=\"Th\u00e9rapie g\u00e9nique r\u00e9volutionnaire : Un espoir pour les patients atteints de dystrophie musculaire\" \/><br \/>\n\t\t\t<\/a>\n\t\t<\/div>\n<div class=\"bdpp-post-margin-content\">\n<div class=\"bdpp-post-cats\"><a class=\"bdpp-post-cat-link bdpp-post-cat-1 bdpp-post-cat-blog\" href=\"https:\/\/sarm-dz.com\/index.php\/category\/blog\/\">Blog<\/a><\/div>\n<h2 class=\"bdpp-post-title\">\n\t\t\t\t<a href=\"https:\/\/sarm-dz.com\/index.php\/2024\/01\/20\/therapie-genique-revolutionnaire-un-espoir-pour-les-patients-atteints-de-dystrophie-musculaire\/\">Th\u00e9rapie g\u00e9nique r\u00e9volutionnaire : Un espoir pour les patients atteints de dystrophie musculaire<\/a><br \/>\n\t\t\t<\/h2>\n<div class=\"bdpp-post-meta bdpp-post-meta-up\">\n\t\t\t\t<span class=\"bdpp-post-meta-data bdpp-post-date\"><i class=\"bdpp-fa fa-regular fa-clock\"><\/i>20 janvier 2024<\/span>\t\t\t<\/div>\n<div class=\"bdpp-post-content\">\n<div class=\"bdpp-post-desc\">Une avanc\u00e9e r\u00e9volutionnaire dans le domaine de la th\u00e9rapie g\u00e9nique offre de l&#39;espoir aux personnes atteintes de dystrophie musculaire, une&#8230;<\/div>\n<p>\t\t\t\t\t\t\t\t\t<a href=\"https:\/\/sarm-dz.com\/index.php\/2024\/01\/20\/therapie-genique-revolutionnaire-un-espoir-pour-les-patients-atteints-de-dystrophie-musculaire\/\" class=\"bdpp-rdmr-btn\">Lire la suite<\/a>\n\t\t\t\t\t\t\t<\/div>\n<\/p><\/div>\n<\/p><\/div>\n<\/div>\n<div class=\"bdpp-post-grid bdpp-col-3 bdpp-columns bdpp-post-252 bdpp-post-standard bdpp-has-thumb\">\n<div class=\"bdpp-post-grid-content\">\n<div class=\"bdpp-post-img-bg\">\n\t\t\t<a href=\"https:\/\/sarm-dz.com\/index.php\/2024\/01\/20\/vaccin-contre-le-paludisme-une-percee-majeure-dans-la-lutte-contre-cette-maladie-devastatrice\/\"><br \/>\n\t\t\t\t<img decoding=\"async\" src=\"https:\/\/sarm-dz.com\/wp-content\/uploads\/2024\/01\/shutterstock_1744369802_h2.jpg\" class=\"bdpp-img bdpp-post-feat-img\" alt=\"Vaccin contre le paludisme : Une perc\u00e9e majeure dans la lutte contre cette maladie d\u00e9vastatrice\" \/><br \/>\n\t\t\t<\/a>\n\t\t<\/div>\n<div class=\"bdpp-post-margin-content\">\n<div class=\"bdpp-post-cats\"><a class=\"bdpp-post-cat-link bdpp-post-cat-17 bdpp-post-cat-articles-des-adherent\" href=\"https:\/\/sarm-dz.com\/index.php\/category\/articles-des-adherent\/\">articles des adh\u00e9rent<\/a><\/div>\n<h2 class=\"bdpp-post-title\">\n\t\t\t\t<a href=\"https:\/\/sarm-dz.com\/index.php\/2024\/01\/20\/vaccin-contre-le-paludisme-une-percee-majeure-dans-la-lutte-contre-cette-maladie-devastatrice\/\">Vaccin contre le paludisme : Une perc\u00e9e majeure dans la lutte contre cette maladie d\u00e9vastatrice<\/a><br \/>\n\t\t\t<\/h2>\n<div class=\"bdpp-post-meta bdpp-post-meta-up\">\n\t\t\t\t<span class=\"bdpp-post-meta-data bdpp-post-date\"><i class=\"bdpp-fa fa-regular fa-clock\"><\/i>20 janvier 2024<\/span>\t\t\t<\/div>\n<div class=\"bdpp-post-content\">\n<div class=\"bdpp-post-desc\">La lutte mondiale contre le paludisme a atteint un jalon crucial avec l&#39;annonce r\u00e9cente du d\u00e9veloppement d&#39;un vaccin prometteur contre&#8230;<\/div>\n<p>\t\t\t\t\t\t\t\t\t<a href=\"https:\/\/sarm-dz.com\/index.php\/2024\/01\/20\/vaccin-contre-le-paludisme-une-percee-majeure-dans-la-lutte-contre-cette-maladie-devastatrice\/\" class=\"bdpp-rdmr-btn\">Lire la suite<\/a>\n\t\t\t\t\t\t\t<\/div>\n<\/p><\/div>\n<\/p><\/div>\n<\/div>\n<div class=\"bdpp-post-grid bdpp-col-3 bdpp-columns bdpp-post-250 bdpp-post-standard bdpp-has-thumb\">\n<div class=\"bdpp-post-grid-content\">\n<div class=\"bdpp-post-img-bg\">\n\t\t\t<a href=\"https:\/\/sarm-dz.com\/index.php\/2024\/01\/20\/nouvelles-avancees-dans-le-traitement-du-diabete-de-type-2\/\"><br \/>\n\t\t\t\t<img decoding=\"async\" src=\"https:\/\/sarm-dz.com\/wp-content\/uploads\/2024\/01\/type-2-diabetes-new-biopolymer-injection-may-offer-weeks-of-glucose-control.jpg\" class=\"bdpp-img bdpp-post-feat-img\" alt=\"Nouvelles avanc\u00e9es dans le traitement du diab\u00e8te de type 2\" \/><br \/>\n\t\t\t<\/a>\n\t\t<\/div>\n<div class=\"bdpp-post-margin-content\">\n<div class=\"bdpp-post-cats\"><a class=\"bdpp-post-cat-link bdpp-post-cat-1 bdpp-post-cat-blog\" href=\"https:\/\/sarm-dz.com\/index.php\/category\/blog\/\">Blog<\/a><\/div>\n<h2 class=\"bdpp-post-title\">\n\t\t\t\t<a href=\"https:\/\/sarm-dz.com\/index.php\/2024\/01\/20\/nouvelles-avancees-dans-le-traitement-du-diabete-de-type-2\/\">Nouvelles avanc\u00e9es dans le traitement du diab\u00e8te de type 2<\/a><br \/>\n\t\t\t<\/h2>\n<div class=\"bdpp-post-meta bdpp-post-meta-up\">\n\t\t\t\t<span class=\"bdpp-post-meta-data bdpp-post-date\"><i class=\"bdpp-fa fa-regular fa-clock\"><\/i>20 janvier 2024<\/span>\t\t\t<\/div>\n<div class=\"bdpp-post-content\">\n<div class=\"bdpp-post-desc\">Le diab\u00e8te de type 2, une maladie m\u00e9tabolique chronique en constante augmentation dans le monde, a r\u00e9cemment \u00e9t\u00e9 le sujet&#8230;<\/div>\n<p>\t\t\t\t\t\t\t\t\t<a href=\"https:\/\/sarm-dz.com\/index.php\/2024\/01\/20\/nouvelles-avancees-dans-le-traitement-du-diabete-de-type-2\/\" class=\"bdpp-rdmr-btn\">Lire la suite<\/a>\n\t\t\t\t\t\t\t<\/div>\n<\/p><\/div>\n<\/p><\/div>\n<\/div><\/div>\n<\/p><\/div>\n\t\t\t\t\t\t\t\t<\/div>\n\t\t\t\t<\/div>\n\t\t\t\t\t<\/div>\n\t\t\t\t<\/div>\n\t\t\t\t<\/div>\n\t\t","protected":false},"excerpt":{"rendered":"<p>Actualit\u00e9s M\u00e9dicales : D\u00e9couvrez les Derni\u00e8res Innovations Plongez-vous dans les derni\u00e8res avanc\u00e9es m\u00e9dicales qui red\u00e9finissent le paysage de la sant\u00e9 et de la m\u00e9decine. Notre section Actualit\u00e9s M\u00e9dicales vous offre un aper\u00e7u exclusif des d\u00e9couvertes les plus r\u00e9centes, des \u00e9tudes <a href=\"https:\/\/sarm-dz.com\/index.php\/2024\/01\/20\/nouvelles-avancees-dans-le-traitement-du-diabete-de-type-2\/\" class=\"read-more\">Read More &#8230;<\/a><\/p>\n","protected":false},"author":2,"featured_media":0,"parent":0,"menu_order":0,"comment_status":"closed","ping_status":"closed","template":"","meta":{"om_disable_all_campaigns":false,"_monsterinsights_skip_tracking":false,"_monsterinsights_sitenote_active":false,"_monsterinsights_sitenote_note":"","_monsterinsights_sitenote_category":0,"footnotes":""},"aioseo_notices":[],"_links":{"self":[{"href":"https:\/\/sarm-dz.com\/index.php\/wp-json\/wp\/v2\/pages\/481"}],"collection":[{"href":"https:\/\/sarm-dz.com\/index.php\/wp-json\/wp\/v2\/pages"}],"about":[{"href":"https:\/\/sarm-dz.com\/index.php\/wp-json\/wp\/v2\/types\/page"}],"author":[{"embeddable":true,"href":"https:\/\/sarm-dz.com\/index.php\/wp-json\/wp\/v2\/users\/2"}],"replies":[{"embeddable":true,"href":"https:\/\/sarm-dz.com\/index.php\/wp-json\/wp\/v2\/comments?post=481"}],"version-history":[{"count":24,"href":"https:\/\/sarm-dz.com\/index.php\/wp-json\/wp\/v2\/pages\/481\/revisions"}],"predecessor-version":[{"id":1580,"href":"https:\/\/sarm-dz.com\/index.php\/wp-json\/wp\/v2\/pages\/481\/revisions\/1580"}],"wp:attachment":[{"href":"https:\/\/sarm-dz.com\/index.php\/wp-json\/wp\/v2\/media?parent=481"}],"curies":[{"name":"wp","href":"https:\/\/api.w.org\/{rel}","templated":true}]}}