{"id":72,"date":"2023-12-21T20:05:40","date_gmt":"2023-12-21T20:05:40","guid":{"rendered":"https:\/\/sarm-dz.com\/?page_id=72"},"modified":"2024-02-15T21:10:39","modified_gmt":"2024-02-15T20:10:39","slug":"qui-sommes-nous","status":"publish","type":"page","link":"https:\/\/sarm-dz.com\/index.php\/qui-sommes-nous\/","title":{"rendered":"Qui sommes nous ?"},"content":{"rendered":"\t\t<div data-elementor-type=\"wp-page\" data-elementor-id=\"72\" class=\"elementor elementor-72\">\n\t\t\t\t<div class=\"elementor-element elementor-element-7aace37b e-con-full e-flex e-con e-parent\" data-id=\"7aace37b\" data-element_type=\"container\">\n\t\t<div class=\"elementor-element elementor-element-6e6a9c2c e-con-full e-flex e-con e-child\" data-id=\"6e6a9c2c\" data-element_type=\"container\">\n\t\t\t\t<div class=\"elementor-element elementor-element-5e875918 elementor-widget__width-initial elementor-widget-tablet__width-initial exad-sticky-section-no exad-glass-effect-no elementor-widget elementor-widget-heading\" data-id=\"5e875918\" data-element_type=\"widget\" data-widget_type=\"heading.default\">\n\t\t\t\t<div class=\"elementor-widget-container\">\n\t\t\t\t\t<h1 class=\"elementor-heading-title elementor-size-default\">Qui sommes nous ?<\/h1>\t\t\t\t<\/div>\n\t\t\t\t<\/div>\n\t\t\t\t<div class=\"elementor-element elementor-element-42ee15e6 elementor-widget__width-initial elementor-widget-tablet__width-initial exad-sticky-section-no exad-glass-effect-no elementor-widget elementor-widget-text-editor\" data-id=\"42ee15e6\" data-element_type=\"widget\" data-widget_type=\"text-editor.default\">\n\t\t\t\t<div class=\"elementor-widget-container\">\n\t\t\t\t\t\t\t\t\t<p>La Soci\u00e9t\u00e9 Alg\u00e9rienne de la Recherche M\u00e9dicale (SARM) est tribune scientifique suppl\u00e9mentaire, favorisant l\u2019innovation et la collaboration au sein de la communaut\u00e9 m\u00e9dicale nationale et internationale. Guid\u00e9e par l\u2019\u00e9thique et la rigueur, notre mission est d\u2019aider les chercheurs alg\u00e9riens professionnels de la sant\u00e9 ou d\u2019autres ou \u00e9tudiants des sp\u00e9cialit\u00e9s inh\u00e9rentes aux sciences m\u00e9dicales en Alg\u00e9rie ou \u00e0 l\u2019\u00e9tranger nous contribuons par tous les moyens en notre possession a soutenir les chercheurs dans leurs parcours et leurs offrir une tribune d\u2019expression pour exposer leurs travaux principalement dans certains domaines sp\u00e9cifiques de la sant\u00e9 publique en Alg\u00e9rie.<\/p>\t\t\t\t\t\t\t\t<\/div>\n\t\t\t\t<\/div>\n\t\t\t\t<\/div>\n\t\t<div class=\"elementor-element elementor-element-454991f3 e-con-full e-flex e-con e-child\" data-id=\"454991f3\" data-element_type=\"container\">\n\t\t\t\t<div class=\"elementor-element elementor-element-4c698da9 exad-sticky-section-no exad-glass-effect-no elementor-widget elementor-widget-image\" data-id=\"4c698da9\" data-element_type=\"widget\" data-widget_type=\"image.default\">\n\t\t\t\t<div class=\"elementor-widget-container\">\n\t\t\t\t\t\t\t\t\t\t\t\t\t\t\t<img fetchpriority=\"high\" decoding=\"async\" width=\"847\" height=\"635\" src=\"https:\/\/sarm-dz.com\/wp-content\/uploads\/2024\/02\/241646469_257904879668376_1888572605473299573_n-1024x768.jpg\" class=\"attachment-large size-large wp-image-1231\" alt=\"\" srcset=\"https:\/\/sarm-dz.com\/wp-content\/uploads\/2024\/02\/241646469_257904879668376_1888572605473299573_n-1024x768.jpg 1024w, https:\/\/sarm-dz.com\/wp-content\/uploads\/2024\/02\/241646469_257904879668376_1888572605473299573_n-300x225.jpg 300w, https:\/\/sarm-dz.com\/wp-content\/uploads\/2024\/02\/241646469_257904879668376_1888572605473299573_n-768x576.jpg 768w, https:\/\/sarm-dz.com\/wp-content\/uploads\/2024\/02\/241646469_257904879668376_1888572605473299573_n-1536x1152.jpg 1536w, https:\/\/sarm-dz.com\/wp-content\/uploads\/2024\/02\/241646469_257904879668376_1888572605473299573_n-360x270.jpg 360w, https:\/\/sarm-dz.com\/wp-content\/uploads\/2024\/02\/241646469_257904879668376_1888572605473299573_n.jpg 2048w\" sizes=\"(max-width: 847px) 100vw, 847px\" \/>\t\t\t\t\t\t\t\t\t\t\t\t\t\t\t<\/div>\n\t\t\t\t<\/div>\n\t\t\t\t<\/div>\n\t\t\t\t<\/div>\n\t\t<div class=\"elementor-element elementor-element-0f7d8d0 e-flex e-con-boxed e-con e-parent\" data-id=\"0f7d8d0\" data-element_type=\"container\">\n\t\t\t\t\t<div class=\"e-con-inner\">\n\t\t\t\t<div class=\"elementor-element elementor-element-7332ebf exad-sticky-section-no exad-glass-effect-no elementor-widget elementor-widget-spacer\" data-id=\"7332ebf\" data-element_type=\"widget\" data-widget_type=\"spacer.default\">\n\t\t\t\t<div class=\"elementor-widget-container\">\n\t\t\t\t\t\t\t<div class=\"elementor-spacer\">\n\t\t\t<div class=\"elementor-spacer-inner\"><\/div>\n\t\t<\/div>\n\t\t\t\t\t\t<\/div>\n\t\t\t\t<\/div>\n\t\t\t\t\t<\/div>\n\t\t\t\t<\/div>\n\t\t<div class=\"elementor-element elementor-element-123d2aac e-con-full e-flex e-con e-parent\" data-id=\"123d2aac\" data-element_type=\"container\" data-settings=\"{&quot;background_background&quot;:&quot;classic&quot;}\">\n\t\t<div class=\"elementor-element elementor-element-46b687df e-con-full e-flex e-con e-child\" data-id=\"46b687df\" data-element_type=\"container\">\n\t\t\t\t<div class=\"elementor-element elementor-element-570debd exad-sticky-section-no exad-glass-effect-no elementor-widget elementor-widget-video\" data-id=\"570debd\" data-element_type=\"widget\" data-settings=\"{&quot;youtube_url&quot;:&quot;https:\\\/\\\/youtu.be\\\/N8oW7H-kfys&quot;,&quot;video_type&quot;:&quot;youtube&quot;,&quot;controls&quot;:&quot;yes&quot;}\" data-widget_type=\"video.default\">\n\t\t\t\t<div class=\"elementor-widget-container\">\n\t\t\t\t\t\t\t<div class=\"elementor-wrapper elementor-open-inline\">\n\t\t\t<div class=\"elementor-video\"><\/div>\t\t<\/div>\n\t\t\t\t\t\t<\/div>\n\t\t\t\t<\/div>\n\t\t\t\t<\/div>\n\t\t<div class=\"elementor-element elementor-element-a62f8d2 e-con-full e-flex e-con e-child\" data-id=\"a62f8d2\" data-element_type=\"container\">\n\t\t<div class=\"elementor-element elementor-element-3768228 e-con-full e-flex e-con e-child\" data-id=\"3768228\" data-element_type=\"container\">\n\t\t\t\t<div class=\"elementor-element elementor-element-165bea9 elementor-widget__width-initial exad-sticky-section-no exad-glass-effect-no elementor-widget elementor-widget-heading\" data-id=\"165bea9\" data-element_type=\"widget\" data-widget_type=\"heading.default\">\n\t\t\t\t<div class=\"elementor-widget-container\">\n\t\t\t\t\t<h1 class=\"elementor-heading-title elementor-size-default\">L'histoire de la SARM<\/h1>\t\t\t\t<\/div>\n\t\t\t\t<\/div>\n\t\t\t\t<div class=\"elementor-element elementor-element-ba0ed94 elementor-widget__width-initial exad-sticky-section-no exad-glass-effect-no elementor-widget elementor-widget-text-editor\" data-id=\"ba0ed94\" data-element_type=\"widget\" data-widget_type=\"text-editor.default\">\n\t\t\t\t<div class=\"elementor-widget-container\">\n\t\t\t\t\t\t\t\t\t<p>Le 18 janvier 2018 marque un jalon important dans l&rsquo;histoire de la Soci\u00e9t\u00e9 Alg\u00e9rienne de la Recherche M\u00e9dicale (SARM). C&rsquo;est \u00e0 cette date que notre organisation a \u00e9t\u00e9 officiellement fond\u00e9e, voici quelques moments forts de notre parcours jusqu&rsquo;aux 2\u00e8me JRCA.\u00a0 [Vid\u00e9o]<\/p>\t\t\t\t\t\t\t\t<\/div>\n\t\t\t\t<\/div>\n\t\t\t\t<\/div>\n\t\t\t\t<\/div>\n\t\t\t\t<\/div>\n\t\t<div class=\"elementor-element elementor-element-226c732 e-flex e-con-boxed e-con e-parent\" data-id=\"226c732\" data-element_type=\"container\">\n\t\t\t\t\t<div class=\"e-con-inner\">\n\t\t\t\t<div class=\"elementor-element elementor-element-af0d73c exad-sticky-section-no exad-glass-effect-no elementor-widget elementor-widget-spacer\" data-id=\"af0d73c\" data-element_type=\"widget\" data-widget_type=\"spacer.default\">\n\t\t\t\t<div class=\"elementor-widget-container\">\n\t\t\t\t\t\t\t<div class=\"elementor-spacer\">\n\t\t\t<div class=\"elementor-spacer-inner\"><\/div>\n\t\t<\/div>\n\t\t\t\t\t\t<\/div>\n\t\t\t\t<\/div>\n\t\t\t\t\t<\/div>\n\t\t\t\t<\/div>\n\t\t<div class=\"elementor-element elementor-element-8178dec e-flex e-con-boxed e-con e-parent\" data-id=\"8178dec\" data-element_type=\"container\">\n\t\t\t\t\t<div class=\"e-con-inner\">\n\t\t\t\t<div class=\"elementor-element elementor-element-383e318 exad-sticky-section-no exad-glass-effect-no elementor-widget elementor-widget-heading\" data-id=\"383e318\" data-element_type=\"widget\" data-widget_type=\"heading.default\">\n\t\t\t\t<div class=\"elementor-widget-container\">\n\t\t\t\t\t<h2 class=\"elementor-heading-title elementor-size-default\">Bureau National<\/h2>\t\t\t\t<\/div>\n\t\t\t\t<\/div>\n\t\t\t\t\t<\/div>\n\t\t\t\t<\/div>\n\t\t<div class=\"elementor-element elementor-element-83e49c9 e-flex e-con-boxed e-con e-parent\" data-id=\"83e49c9\" data-element_type=\"container\">\n\t\t\t\t\t<div class=\"e-con-inner\">\n\t\t<div class=\"elementor-element elementor-element-f6042a0 e-con-full e-flex e-con e-child\" data-id=\"f6042a0\" data-element_type=\"container\">\n\t\t\t\t<div class=\"elementor-element elementor-element-d59c793 eael-team-align-eael-team-align-default exad-sticky-section-no exad-glass-effect-no elementor-widget elementor-widget-eael-team-member\" data-id=\"d59c793\" data-element_type=\"widget\" data-widget_type=\"eael-team-member.default\">\n\t\t\t\t<div class=\"elementor-widget-container\">\n\t\t\t\t\t\n\n\t<div id=\"eael-team-member-d59c793\" class=\"eael-team-item eael-team-members-simple \">\n\t\t<div class=\"eael-team-item-inner\">\n\t\t\t<div class=\"eael-team-image\">\n\t\t\t\t<figure>\n\t\t\t\t\t\t\t\t\t<\/figure>\n\t\t\t\t\n\t\t\t\t\n\t\t\t<\/div>\n\n\t\t\t<div class=\"eael-team-content\">\n\t\t\t\t<h2 class=\"eael-team-member-name\">Mohamed LAIFA<\/h2><h3 class=\"eael-team-member-position\">Pr\u00e9sident<\/h3>\n\t\t\t\t\t\t\t\t\t\t\t\t\t\t<p class=\"eael-team-text\"><\/p>\n\t\t\t\t\t\t\t<\/div>\n\t\t<\/div>\n\t<\/div>\n\t\t\t\t\t<\/div>\n\t\t\t\t<\/div>\n\t\t\t\t<\/div>\n\t\t<div class=\"elementor-element elementor-element-1e200b7 e-con-full e-flex e-con e-child\" data-id=\"1e200b7\" data-element_type=\"container\">\n\t\t\t\t<div class=\"elementor-element elementor-element-91d9fc2 eael-team-align-eael-team-align-default exad-sticky-section-no exad-glass-effect-no elementor-widget elementor-widget-eael-team-member\" data-id=\"91d9fc2\" data-element_type=\"widget\" data-widget_type=\"eael-team-member.default\">\n\t\t\t\t<div class=\"elementor-widget-container\">\n\t\t\t\t\t\n\n\t<div id=\"eael-team-member-91d9fc2\" class=\"eael-team-item eael-team-members-simple \">\n\t\t<div class=\"eael-team-item-inner\">\n\t\t\t<div class=\"eael-team-image\">\n\t\t\t\t<figure>\n\t\t\t\t\t\t\t\t\t<\/figure>\n\t\t\t\t\n\t\t\t\t\n\t\t\t<\/div>\n\n\t\t\t<div class=\"eael-team-content\">\n\t\t\t\t<h2 class=\"eael-team-member-name\">BERBEDJ MOHAMED<\/h2><h3 class=\"eael-team-member-position\">Vice pr\u00e9sident<\/h3>\n\t\t\t\t\t\t\t\t\t\t\t\t\t\t<p class=\"eael-team-text\"><\/p>\n\t\t\t\t\t\t\t<\/div>\n\t\t<\/div>\n\t<\/div>\n\t\t\t\t\t<\/div>\n\t\t\t\t<\/div>\n\t\t\t\t<\/div>\n\t\t<div class=\"elementor-element elementor-element-2854284 e-con-full e-flex e-con e-child\" data-id=\"2854284\" data-element_type=\"container\">\n\t\t\t\t<div class=\"elementor-element elementor-element-007949a eael-team-align-eael-team-align-default exad-sticky-section-no exad-glass-effect-no elementor-widget elementor-widget-eael-team-member\" data-id=\"007949a\" data-element_type=\"widget\" data-widget_type=\"eael-team-member.default\">\n\t\t\t\t<div class=\"elementor-widget-container\">\n\t\t\t\t\t\n\n\t<div id=\"eael-team-member-007949a\" class=\"eael-team-item eael-team-members-simple \">\n\t\t<div class=\"eael-team-item-inner\">\n\t\t\t<div class=\"eael-team-image\">\n\t\t\t\t<figure>\n\t\t\t\t\t\t\t\t\t<\/figure>\n\t\t\t\t\n\t\t\t\t\n\t\t\t<\/div>\n\n\t\t\t<div class=\"eael-team-content\">\n\t\t\t\t<h2 class=\"eael-team-member-name\">SALMI YOUNES<\/h2><h3 class=\"eael-team-member-position\">Secr\u00e9taire g\u00e9n\u00e9ral<\/h3>\n\t\t\t\t\t\t\t\t\t\t\t\t\t\t<p class=\"eael-team-text\"><\/p>\n\t\t\t\t\t\t\t<\/div>\n\t\t<\/div>\n\t<\/div>\n\t\t\t\t\t<\/div>\n\t\t\t\t<\/div>\n\t\t\t\t<\/div>\n\t\t<div class=\"elementor-element elementor-element-c1b1057 e-con-full e-flex e-con e-child\" data-id=\"c1b1057\" data-element_type=\"container\">\n\t\t\t\t<div class=\"elementor-element elementor-element-df77fd7 eael-team-align-eael-team-align-default exad-sticky-section-no exad-glass-effect-no elementor-widget elementor-widget-eael-team-member\" data-id=\"df77fd7\" data-element_type=\"widget\" data-widget_type=\"eael-team-member.default\">\n\t\t\t\t<div class=\"elementor-widget-container\">\n\t\t\t\t\t\n\n\t<div id=\"eael-team-member-df77fd7\" class=\"eael-team-item eael-team-members-simple \">\n\t\t<div class=\"eael-team-item-inner\">\n\t\t\t<div class=\"eael-team-image\">\n\t\t\t\t<figure>\n\t\t\t\t\t\t\t\t\t<\/figure>\n\t\t\t\t\n\t\t\t\t\n\t\t\t<\/div>\n\n\t\t\t<div class=\"eael-team-content\">\n\t\t\t\t<h2 class=\"eael-team-member-name\">GACEM FATMA<\/h2><h3 class=\"eael-team-member-position\">Secr\u00e9taire g\u00e9n\u00e9ral adjoint<\/h3>\n\t\t\t\t\t\t\t\t\t\t\t\t\t\t<p class=\"eael-team-text\"><\/p>\n\t\t\t\t\t\t\t<\/div>\n\t\t<\/div>\n\t<\/div>\n\t\t\t\t\t<\/div>\n\t\t\t\t<\/div>\n\t\t\t\t<\/div>\n\t\t<div class=\"elementor-element elementor-element-efdf371 e-con-full e-flex e-con e-child\" data-id=\"efdf371\" data-element_type=\"container\">\n\t\t\t\t<div class=\"elementor-element elementor-element-ee25ecb eael-team-align-eael-team-align-default exad-sticky-section-no exad-glass-effect-no elementor-widget elementor-widget-eael-team-member\" data-id=\"ee25ecb\" data-element_type=\"widget\" data-widget_type=\"eael-team-member.default\">\n\t\t\t\t<div class=\"elementor-widget-container\">\n\t\t\t\t\t\n\n\t<div id=\"eael-team-member-ee25ecb\" class=\"eael-team-item eael-team-members-simple \">\n\t\t<div class=\"eael-team-item-inner\">\n\t\t\t<div class=\"eael-team-image\">\n\t\t\t\t<figure>\n\t\t\t\t\t\t\t\t\t<\/figure>\n\t\t\t\t\n\t\t\t\t\n\t\t\t<\/div>\n\n\t\t\t<div class=\"eael-team-content\">\n\t\t\t\t<h2 class=\"eael-team-member-name\">OUARAS BELKACEM<\/h2><h3 class=\"eael-team-member-position\">Tr\u00e9sorier<\/h3>\n\t\t\t\t\t\t\t\t\t\t\t\t\t\t<p class=\"eael-team-text\"><\/p>\n\t\t\t\t\t\t\t<\/div>\n\t\t<\/div>\n\t<\/div>\n\t\t\t\t\t<\/div>\n\t\t\t\t<\/div>\n\t\t\t\t<\/div>\n\t\t<div class=\"elementor-element elementor-element-f536b39 e-con-full e-flex e-con e-child\" data-id=\"f536b39\" data-element_type=\"container\">\n\t\t\t\t<div class=\"elementor-element elementor-element-7d6a486 eael-team-align-eael-team-align-default exad-sticky-section-no exad-glass-effect-no elementor-widget elementor-widget-eael-team-member\" data-id=\"7d6a486\" data-element_type=\"widget\" data-widget_type=\"eael-team-member.default\">\n\t\t\t\t<div class=\"elementor-widget-container\">\n\t\t\t\t\t\n\n\t<div id=\"eael-team-member-7d6a486\" class=\"eael-team-item eael-team-members-simple \">\n\t\t<div class=\"eael-team-item-inner\">\n\t\t\t<div class=\"eael-team-image\">\n\t\t\t\t<figure>\n\t\t\t\t\t\t\t\t\t<\/figure>\n\t\t\t\t\n\t\t\t\t\n\t\t\t<\/div>\n\n\t\t\t<div class=\"eael-team-content\">\n\t\t\t\t<h2 class=\"eael-team-member-name\">SALMI DJAMEL<\/h2><h3 class=\"eael-team-member-position\">Tr\u00e9sorier adjoint<\/h3>\n\t\t\t\t\t\t\t\t\t\t\t\t\t\t<p class=\"eael-team-text\"><\/p>\n\t\t\t\t\t\t\t<\/div>\n\t\t<\/div>\n\t<\/div>\n\t\t\t\t\t<\/div>\n\t\t\t\t<\/div>\n\t\t\t\t<\/div>\n\t\t<div class=\"elementor-element elementor-element-f7615d2 e-con-full e-flex e-con e-child\" data-id=\"f7615d2\" data-element_type=\"container\">\n\t\t\t\t<div class=\"elementor-element elementor-element-228cb65 eael-team-align-eael-team-align-default exad-sticky-section-no exad-glass-effect-no elementor-widget elementor-widget-eael-team-member\" data-id=\"228cb65\" data-element_type=\"widget\" data-widget_type=\"eael-team-member.default\">\n\t\t\t\t<div class=\"elementor-widget-container\">\n\t\t\t\t\t\n\n\t<div id=\"eael-team-member-228cb65\" class=\"eael-team-item eael-team-members-simple \">\n\t\t<div class=\"eael-team-item-inner\">\n\t\t\t<div class=\"eael-team-image\">\n\t\t\t\t<figure>\n\t\t\t\t\t\t\t\t\t<\/figure>\n\t\t\t\t\n\t\t\t\t\n\t\t\t<\/div>\n\n\t\t\t<div class=\"eael-team-content\">\n\t\t\t\t<h2 class=\"eael-team-member-name\">MAMERI AMEL<\/h2><h3 class=\"eael-team-member-position\">Membre assesseur<\/h3>\n\t\t\t\t\t\t\t\t\t\t\t\t\t\t<p class=\"eael-team-text\"><\/p>\n\t\t\t\t\t\t\t<\/div>\n\t\t<\/div>\n\t<\/div>\n\t\t\t\t\t<\/div>\n\t\t\t\t<\/div>\n\t\t\t\t<\/div>\n\t\t<div class=\"elementor-element elementor-element-8fb5a73 e-con-full e-flex e-con e-child\" data-id=\"8fb5a73\" data-element_type=\"container\">\n\t\t\t\t<div class=\"elementor-element elementor-element-cbb957b eael-team-align-eael-team-align-default exad-sticky-section-no exad-glass-effect-no elementor-widget elementor-widget-eael-team-member\" data-id=\"cbb957b\" data-element_type=\"widget\" data-widget_type=\"eael-team-member.default\">\n\t\t\t\t<div class=\"elementor-widget-container\">\n\t\t\t\t\t\n\n\t<div id=\"eael-team-member-cbb957b\" class=\"eael-team-item eael-team-members-simple \">\n\t\t<div class=\"eael-team-item-inner\">\n\t\t\t<div class=\"eael-team-image\">\n\t\t\t\t<figure>\n\t\t\t\t\t\t\t\t\t<\/figure>\n\t\t\t\t\n\t\t\t\t\n\t\t\t<\/div>\n\n\t\t\t<div class=\"eael-team-content\">\n\t\t\t\t<h2 class=\"eael-team-member-name\">IDIR FATIHA<\/h2><h3 class=\"eael-team-member-position\">Membre assesseur<\/h3>\n\t\t\t\t\t\t\t\t\t\t\t\t\t\t<p class=\"eael-team-text\"><\/p>\n\t\t\t\t\t\t\t<\/div>\n\t\t<\/div>\n\t<\/div>\n\t\t\t\t\t<\/div>\n\t\t\t\t<\/div>\n\t\t\t\t<\/div>\n\t\t\t\t\t<\/div>\n\t\t\t\t<\/div>\n\t\t<div class=\"elementor-element elementor-element-391fd651 e-con-full e-flex e-con e-parent\" data-id=\"391fd651\" data-element_type=\"container\">\n\t\t<div class=\"elementor-element elementor-element-70df14a2 e-con-full e-flex e-con e-child\" data-id=\"70df14a2\" data-element_type=\"container\" data-settings=\"{&quot;background_background&quot;:&quot;classic&quot;}\">\n\t\t\t\t<div class=\"elementor-element elementor-element-7a79634 exad-sticky-section-no exad-glass-effect-no elementor-widget elementor-widget-image\" data-id=\"7a79634\" data-element_type=\"widget\" data-widget_type=\"image.default\">\n\t\t\t\t<div class=\"elementor-widget-container\">\n\t\t\t\t\t\t\t\t\t\t\t\t\t\t\t<img decoding=\"async\" width=\"576\" height=\"1024\" src=\"https:\/\/sarm-dz.com\/wp-content\/uploads\/2024\/02\/engagement11-576x1024.jpg\" class=\"attachment-large size-large wp-image-1490\" alt=\"\" srcset=\"https:\/\/sarm-dz.com\/wp-content\/uploads\/2024\/02\/engagement11-576x1024.jpg 576w, https:\/\/sarm-dz.com\/wp-content\/uploads\/2024\/02\/engagement11-169x300.jpg 169w, https:\/\/sarm-dz.com\/wp-content\/uploads\/2024\/02\/engagement11-768x1366.jpg 768w, https:\/\/sarm-dz.com\/wp-content\/uploads\/2024\/02\/engagement11-864x1536.jpg 864w, https:\/\/sarm-dz.com\/wp-content\/uploads\/2024\/02\/engagement11-1152x2048.jpg 1152w, https:\/\/sarm-dz.com\/wp-content\/uploads\/2024\/02\/engagement11-152x270.jpg 152w, https:\/\/sarm-dz.com\/wp-content\/uploads\/2024\/02\/engagement11.jpg 1280w\" sizes=\"(max-width: 576px) 100vw, 576px\" \/>\t\t\t\t\t\t\t\t\t\t\t\t\t\t\t<\/div>\n\t\t\t\t<\/div>\n\t\t\t\t<\/div>\n\t\t<div class=\"elementor-element elementor-element-6f00b01c e-con-full e-flex e-con e-child\" data-id=\"6f00b01c\" data-element_type=\"container\">\n\t\t\t\t<div class=\"elementor-element elementor-element-2f369531 elementor-widget__width-initial exad-sticky-section-no exad-glass-effect-no elementor-widget elementor-widget-heading\" data-id=\"2f369531\" data-element_type=\"widget\" data-widget_type=\"heading.default\">\n\t\t\t\t<div class=\"elementor-widget-container\">\n\t\t\t\t\t<h2 class=\"elementor-heading-title elementor-size-default\">Engagement et Challenge de la SARM?<\/h2>\t\t\t\t<\/div>\n\t\t\t\t<\/div>\n\t\t\t\t<div class=\"elementor-element elementor-element-d7f3d54 exad-sticky-section-no exad-glass-effect-no elementor-widget elementor-widget-text-editor\" data-id=\"d7f3d54\" data-element_type=\"widget\" data-widget_type=\"text-editor.default\">\n\t\t\t\t<div class=\"elementor-widget-container\">\n\t\t\t\t\t\t\t\t\t<p>L&rsquo;engagement et les d\u00e9fis de la SARM se traduisent par notre d\u00e9vouement \u00e0 promouvoir la recherche m\u00e9dicale en Alg\u00e9rie. Nous nous engageons \u00e0 repousser les fronti\u00e8res de la connaissance m\u00e9dicale, \u00e0 encourager l&rsquo;innovation et \u00e0 favoriser la collaboration au sein de la communaut\u00e9 m\u00e9dicale et scientifique. Nos d\u00e9fis consistent \u00e0 relever les enjeux actuels de la sant\u00e9, \u00e0 trouver des solutions novatrices aux probl\u00e8mes m\u00e9dicaux complexes et \u00e0 fa\u00e7onner l&rsquo;avenir des soins de sant\u00e9 en Alg\u00e9rie. Guid\u00e9s par notre passion pour la d\u00e9couverte et notre engagement envers l&rsquo;am\u00e9lioration de la sant\u00e9 publique, nous sommes d\u00e9termin\u00e9s \u00e0 surmonter les obstacles et \u00e0 cr\u00e9er un impact positif dans le domaine m\u00e9dical.<\/p>\t\t\t\t\t\t\t\t<\/div>\n\t\t\t\t<\/div>\n\t\t\t\t<\/div>\n\t\t\t\t<\/div>\n\t\t\t\t<\/div>\n\t\t","protected":false},"excerpt":{"rendered":"<p>Qui sommes nous ? La Soci\u00e9t\u00e9 Alg\u00e9rienne de la Recherche M\u00e9dicale (SARM) est tribune scientifique suppl\u00e9mentaire, favorisant l\u2019innovation et la collaboration au sein de la communaut\u00e9 m\u00e9dicale nationale et internationale. Guid\u00e9e par l\u2019\u00e9thique et la rigueur, notre mission est d\u2019aider <a href=\"https:\/\/sarm-dz.com\/index.php\/qui-sommes-nous\/\" class=\"read-more\">Read More &#8230;<\/a><\/p>\n","protected":false},"author":1,"featured_media":0,"parent":0,"menu_order":0,"comment_status":"closed","ping_status":"closed","template":"","meta":{"om_disable_all_campaigns":false,"_monsterinsights_skip_tracking":false,"_monsterinsights_sitenote_active":false,"_monsterinsights_sitenote_note":"","_monsterinsights_sitenote_category":0,"footnotes":""},"aioseo_notices":[],"_links":{"self":[{"href":"https:\/\/sarm-dz.com\/index.php\/wp-json\/wp\/v2\/pages\/72"}],"collection":[{"href":"https:\/\/sarm-dz.com\/index.php\/wp-json\/wp\/v2\/pages"}],"about":[{"href":"https:\/\/sarm-dz.com\/index.php\/wp-json\/wp\/v2\/types\/page"}],"author":[{"embeddable":true,"href":"https:\/\/sarm-dz.com\/index.php\/wp-json\/wp\/v2\/users\/1"}],"replies":[{"embeddable":true,"href":"https:\/\/sarm-dz.com\/index.php\/wp-json\/wp\/v2\/comments?post=72"}],"version-history":[{"count":152,"href":"https:\/\/sarm-dz.com\/index.php\/wp-json\/wp\/v2\/pages\/72\/revisions"}],"predecessor-version":[{"id":1744,"href":"https:\/\/sarm-dz.com\/index.php\/wp-json\/wp\/v2\/pages\/72\/revisions\/1744"}],"wp:attachment":[{"href":"https:\/\/sarm-dz.com\/index.php\/wp-json\/wp\/v2\/media?parent=72"}],"curies":[{"name":"wp","href":"https:\/\/api.w.org\/{rel}","templated":true}]}}