{"id":76,"date":"2023-12-21T21:43:41","date_gmt":"2023-12-21T21:43:41","guid":{"rendered":"https:\/\/sarm-dz.com\/?page_id=76"},"modified":"2024-02-18T11:25:38","modified_gmt":"2024-02-18T10:25:38","slug":"mot-du-president","status":"publish","type":"page","link":"https:\/\/sarm-dz.com\/index.php\/mot-du-president\/","title":{"rendered":"Mot du pr\u00e9sident"},"content":{"rendered":"\t\t<div data-elementor-type=\"wp-page\" data-elementor-id=\"76\" class=\"elementor elementor-76\">\n\t\t\t\t<div class=\"elementor-element elementor-element-024864c e-flex e-con-boxed e-con e-parent\" data-id=\"024864c\" data-element_type=\"container\">\n\t\t\t\t\t<div class=\"e-con-inner\">\n\t\t<div class=\"elementor-element elementor-element-948059e e-con-full e-flex e-con e-child\" data-id=\"948059e\" data-element_type=\"container\">\n\t\t\t\t<div class=\"elementor-element elementor-element-dc803c3 exad-sticky-section-no exad-glass-effect-no elementor-widget elementor-widget-heading\" data-id=\"dc803c3\" data-element_type=\"widget\" data-widget_type=\"heading.default\">\n\t\t\t\t<div class=\"elementor-widget-container\">\n\t\t\t\t\t<h2 class=\"elementor-heading-title elementor-size-default\">Mot du Pr\u00e9sident\n<\/h2>\t\t\t\t<\/div>\n\t\t\t\t<\/div>\n\t\t\t\t<\/div>\n\t\t<div class=\"elementor-element elementor-element-f735459 e-con-full e-flex e-con e-child\" data-id=\"f735459\" data-element_type=\"container\">\n\t\t\t\t<\/div>\n\t\t<div class=\"elementor-element elementor-element-4d5ed6e e-con-full e-flex e-con e-child\" data-id=\"4d5ed6e\" data-element_type=\"container\">\n\t\t\t\t<div class=\"elementor-element elementor-element-cea950c exad-sticky-section-no exad-glass-effect-no elementor-widget elementor-widget-text-editor\" data-id=\"cea950c\" data-element_type=\"widget\" data-widget_type=\"text-editor.default\">\n\t\t\t\t<div class=\"elementor-widget-container\">\n\t\t\t\t\t\t\t\t\t<p>Une \u00e9toile est n\u00e9e \u2026\u2026.. !<\/p><p>Chers coll\u00e8gues, chers confr\u00e8res<\/p><p>La sc\u00e8ne scientifique et m\u00e9dicale dans notre pays enregistre l\u2019absence d\u2019une\u00a0soci\u00e9t\u00e9 savante d\u00e9di\u00e9e exclusivement \u00e0 la recherche m\u00e9dicale et\/ou clinique, Souvent nos\u00a0chercheurs travaillent en rangs dispers\u00e9s et parfois sur les m\u00eames th\u00e8mes sans le savoir,\u00a0\u00e0 mon humble avis l\u2019absence d\u2019organisme ind\u00e9pendant et f\u00e9d\u00e9rateur fait partie des\u00a0difficult\u00e9s compliquant encore plus cette situation, devant ces faits et constatations des m\u00e9decins de toutes sp\u00e9cialit\u00e9s confondues et de grades diff\u00e9rents ainsi que des\u00a0professeurs d\u2019universit\u00e9s en biologie et en sciences inh\u00e9rentes \u00e0 la sant\u00e9 venus des quatre coins du pays, ont d\u00e9cid\u00e9 de soutenir notre id\u00e9e et relever le d\u00e9fi et c\u2019est ainsi que\u00a0la Soci\u00e9t\u00e9 Alg\u00e9rienne de la Recherche M\u00e9dicale est n\u00e9e un certain 18 Janvier 2018\u00a0Agr\u00e9\u00e9e en F\u00e9vrier 2019 par le minist\u00e8re de l\u2019int\u00e9rieur sous le nom officielle\u00a0\u00ab Soci\u00e9t\u00e9 Alg\u00e9rienne de la Recherche M\u00e9dicale \u00bb -SARM-Cette soci\u00e9t\u00e9 naissante est \u00e0 nous tous et nous allons la construire ensemble.<\/p><p>\u00a0 \u00a0 \u00a0 \u00a0 \u00a0 \u00a0 \u00a0 \u00a0 \u00a0 \u00a0 \u00a0 \u00a0 \u00a0 \u00a0 \u00a0 \u00a0 \u00a0 \u00a0 \u00a0 \u00a0 \u00a0 \u00a0 \u00a0 \u00a0<strong>Rejoignez-nous !<\/strong><\/p>\t\t\t\t\t\t\t\t<\/div>\n\t\t\t\t<\/div>\n\t\t\t\t<\/div>\n\t\t<div class=\"elementor-element elementor-element-aaec61c e-con-full e-flex e-con e-child\" data-id=\"aaec61c\" data-element_type=\"container\">\n\t\t\t\t<div class=\"elementor-element elementor-element-8bdc7db exad-sticky-section-no exad-glass-effect-no elementor-widget elementor-widget-image\" data-id=\"8bdc7db\" data-element_type=\"widget\" data-widget_type=\"image.default\">\n\t\t\t\t<div class=\"elementor-widget-container\">\n\t\t\t\t\t\t\t\t\t\t\t\t\t\t\t<img fetchpriority=\"high\" decoding=\"async\" width=\"688\" height=\"764\" src=\"https:\/\/sarm-dz.com\/wp-content\/uploads\/2024\/02\/1707253681982.jpg\" class=\"attachment-large size-large wp-image-1091\" alt=\"\" srcset=\"https:\/\/sarm-dz.com\/wp-content\/uploads\/2024\/02\/1707253681982.jpg 688w, https:\/\/sarm-dz.com\/wp-content\/uploads\/2024\/02\/1707253681982-270x300.jpg 270w, https:\/\/sarm-dz.com\/wp-content\/uploads\/2024\/02\/1707253681982-243x270.jpg 243w\" sizes=\"(max-width: 688px) 100vw, 688px\" \/>\t\t\t\t\t\t\t\t\t\t\t\t\t\t\t<\/div>\n\t\t\t\t<\/div>\n\t\t\t\t<div class=\"elementor-element elementor-element-a345767 exad-sticky-section-no exad-glass-effect-no elementor-widget elementor-widget-heading\" data-id=\"a345767\" data-element_type=\"widget\" data-widget_type=\"heading.default\">\n\t\t\t\t<div class=\"elementor-widget-container\">\n\t\t\t\t\t<h2 class=\"elementor-heading-title elementor-size-default\">Dr Mohamed LAIFA<\/h2>\t\t\t\t<\/div>\n\t\t\t\t<\/div>\n\t\t\t\t<div class=\"elementor-element elementor-element-2f7955a exad-sticky-section-no exad-glass-effect-no elementor-widget elementor-widget-heading\" data-id=\"2f7955a\" data-element_type=\"widget\" data-widget_type=\"heading.default\">\n\t\t\t\t<div class=\"elementor-widget-container\">\n\t\t\t\t\t<h2 class=\"elementor-heading-title elementor-size-default\">Le Pr\u00e9sident de la SARM<\/h2>\t\t\t\t<\/div>\n\t\t\t\t<\/div>\n\t\t\t\t<\/div>\n\t\t\t\t\t<\/div>\n\t\t\t\t<\/div>\n\t\t\t\t<\/div>\n\t\t","protected":false},"excerpt":{"rendered":"<p>Mot du Pr\u00e9sident Une \u00e9toile est n\u00e9e \u2026\u2026.. ! Chers coll\u00e8gues, chers confr\u00e8res La sc\u00e8ne scientifique et m\u00e9dicale dans notre pays enregistre l\u2019absence d\u2019une\u00a0soci\u00e9t\u00e9 savante d\u00e9di\u00e9e exclusivement \u00e0 la recherche m\u00e9dicale et\/ou clinique, Souvent nos\u00a0chercheurs travaillent en rangs dispers\u00e9s et <a href=\"https:\/\/sarm-dz.com\/index.php\/mot-du-president\/\" class=\"read-more\">Read More &#8230;<\/a><\/p>\n","protected":false},"author":1,"featured_media":0,"parent":0,"menu_order":0,"comment_status":"closed","ping_status":"closed","template":"","meta":{"om_disable_all_campaigns":false,"_monsterinsights_skip_tracking":false,"_monsterinsights_sitenote_active":false,"_monsterinsights_sitenote_note":"","_monsterinsights_sitenote_category":0,"footnotes":""},"aioseo_notices":[],"_links":{"self":[{"href":"https:\/\/sarm-dz.com\/index.php\/wp-json\/wp\/v2\/pages\/76"}],"collection":[{"href":"https:\/\/sarm-dz.com\/index.php\/wp-json\/wp\/v2\/pages"}],"about":[{"href":"https:\/\/sarm-dz.com\/index.php\/wp-json\/wp\/v2\/types\/page"}],"author":[{"embeddable":true,"href":"https:\/\/sarm-dz.com\/index.php\/wp-json\/wp\/v2\/users\/1"}],"replies":[{"embeddable":true,"href":"https:\/\/sarm-dz.com\/index.php\/wp-json\/wp\/v2\/comments?post=76"}],"version-history":[{"count":60,"href":"https:\/\/sarm-dz.com\/index.php\/wp-json\/wp\/v2\/pages\/76\/revisions"}],"predecessor-version":[{"id":1823,"href":"https:\/\/sarm-dz.com\/index.php\/wp-json\/wp\/v2\/pages\/76\/revisions\/1823"}],"wp:attachment":[{"href":"https:\/\/sarm-dz.com\/index.php\/wp-json\/wp\/v2\/media?parent=76"}],"curies":[{"name":"wp","href":"https:\/\/api.w.org\/{rel}","templated":true}]}}