{"id":80,"date":"2023-12-21T21:45:50","date_gmt":"2023-12-21T21:45:50","guid":{"rendered":"https:\/\/sarm-dz.com\/?page_id=80"},"modified":"2024-05-07T15:43:53","modified_gmt":"2024-05-07T14:43:53","slug":"inscription","status":"publish","type":"page","link":"https:\/\/sarm-dz.com\/index.php\/inscription\/","title":{"rendered":"Inscription"},"content":{"rendered":"\t\t<div data-elementor-type=\"wp-page\" data-elementor-id=\"80\" class=\"elementor elementor-80\">\n\t\t\t\t<div class=\"elementor-element elementor-element-990fc78 e-flex e-con-boxed e-con e-parent\" data-id=\"990fc78\" data-element_type=\"container\">\n\t\t\t\t\t<div class=\"e-con-inner\">\n\t\t\t\t<div class=\"elementor-element elementor-element-8d8250a exad-sticky-section-no exad-glass-effect-no elementor-widget elementor-widget-heading\" data-id=\"8d8250a\" data-element_type=\"widget\" data-widget_type=\"heading.default\">\n\t\t\t\t<div class=\"elementor-widget-container\">\n\t\t\t\t\t<h1 class=\"elementor-heading-title elementor-size-default\">Adh\u00e9sion \u00e0 la SARM<\/h1>\t\t\t\t<\/div>\n\t\t\t\t<\/div>\n\t\t\t\t\t<\/div>\n\t\t\t\t<\/div>\n\t\t<div class=\"elementor-element elementor-element-cc66e4c e-flex e-con-boxed e-con e-parent\" data-id=\"cc66e4c\" data-element_type=\"container\">\n\t\t\t\t\t<div class=\"e-con-inner\">\n\t\t\t\t<div class=\"elementor-element elementor-element-66f77b6 exad-sticky-section-no exad-glass-effect-no elementor-widget elementor-widget-heading\" data-id=\"66f77b6\" data-element_type=\"widget\" data-widget_type=\"heading.default\">\n\t\t\t\t<div class=\"elementor-widget-container\">\n\t\t\t\t\t<h2 class=\"elementor-heading-title elementor-size-default\">Proc\u00e9dure d'adh\u00e9sion \u00e0 la SARM<\/h2>\t\t\t\t<\/div>\n\t\t\t\t<\/div>\n\t\t\t\t\t<\/div>\n\t\t\t\t<\/div>\n\t\t<div class=\"elementor-element elementor-element-85af399 e-flex e-con-boxed e-con e-parent\" data-id=\"85af399\" data-element_type=\"container\">\n\t\t\t\t\t<div class=\"e-con-inner\">\n\t\t\t\t<div class=\"elementor-element elementor-element-6bf8d54 exad-sticky-section-no exad-glass-effect-no elementor-widget elementor-widget-text-editor\" data-id=\"6bf8d54\" data-element_type=\"widget\" data-widget_type=\"text-editor.default\">\n\t\t\t\t<div class=\"elementor-widget-container\">\n\t\t\t\t\t\t\t\t\t<h3>Avant de commencer le processus d\u2019adh\u00e9sion en ligne, veuillez prendre connaissance des \u00e9l\u00e9ments suivants :<\/h3>\n<ul>\n<li>La cr\u00e9ation d\u2019un compte personnel sur ce site est obligatoire pour les adh\u00e9rents.<\/li>\n<li>Le formulaire d\u2019adh\u00e9sion est \u00e0 remplir exclusivement sur le site internet de la SARM.<\/li>\n<li>Toutes les adh\u00e9sions expirent le 31 d\u00e9cembre de l\u2019ann\u00e9e en cours et seront renouvelables d\u00e8s le d\u00e9but de l\u2019ann\u00e9e suivante \u00e0 la demande de l\u2019adh\u00e8rent et suivant la m\u00eame proc\u00e9dure du d\u00e9but mais sans l\u2019accord des parrains comme \u00e0 la 1ere fois.<\/li>\n<li>Les candidats \u00e0 l\u2019adh\u00e9sion devraient avoir un niveaux universitaires de ( Bac +5 minimum ) et de la branche inh\u00e9rente \u00e0 la m\u00e9decine ou \u00e0 la sant\u00e9 s\u2019ils ne sont pas dipl\u00f4m\u00e9s en sciences m\u00e9dicales.<\/li>\n<li>La candidature de chacun doit \u00eatre soutenue par deux anciens membres de la SARM \u00e0 jour de leurs cotisations annuelles.<\/li>\n<li>Le candidat doit inclure dans sa demande les noms et pr\u00e9noms de ses parrains ainsi que leurs mail et num\u00e9ro d\u2019affiliation \u00e0 la SARM.<\/li>\n<li>Le comit\u00e9 d\u2019adh\u00e9sion examinera les dossiers des candidats et envoi des notifications d\u2019acceptabilit\u00e9 aux candidats r\u00e9pondant aux conditions \u00e9tablies afin de finaliser la proc\u00e9dure par le r\u00e8glement de la cotisation via un virement ou versement bancaire (unique moyen de r\u00e8glement des cotisations)<\/li>\n<li>Une fois le re\u00e7u du versement envoy\u00e9, le candidat recevra une attestation d\u2019affiliation \u00e0 la SARM valable jusqu\u2019\u00e0 la fin de l\u2019ann\u00e9e en cours.<\/li>\n<li>La SARM se r\u00e9serve le droit de ne pas valider l\u2019adh\u00e9sion d\u2019un membre dont les conditions d\u2019admission ne seraient pas conformes avec les crit\u00e8res suscit\u00e9s.<\/li>\n<li>Afin de b\u00e9n\u00e9ficier de plein droit du statut de membre titulaire, il est imp\u00e9ratif de r\u00e9gler sa cotisation lors de son adh\u00e9sion et au d\u00e9but de chaque ann\u00e9e et de fa\u00e7on r\u00e9guli\u00e8re.<\/li>\n<li><strong>Note importante : Les informations vous concernant, n\u00e9cessaires pour votre adh\u00e9sion \u00e0 la SARM, sont strictement confidentielles. La SARM s\u2019engage formellement \u00e0 ne pas les communiquer \u00e0 des tiers.<\/strong><\/li>\n<\/ul>\t\t\t\t\t\t\t\t<\/div>\n\t\t\t\t<\/div>\n\t\t\t\t<div class=\"elementor-element elementor-element-f4c8291 exad-sticky-section-no exad-glass-effect-no elementor-widget elementor-widget-heading\" data-id=\"f4c8291\" data-element_type=\"widget\" data-widget_type=\"heading.default\">\n\t\t\t\t<div class=\"elementor-widget-container\">\n\t\t\t\t\t<p class=\"elementor-heading-title elementor-size-default\">Remplissez le formulaire ci-dessous pour soumettre votre demande d'adh\u00e9sion \u00e0 la plateforme de la SARM :<\/p>\t\t\t\t<\/div>\n\t\t\t\t<\/div>\n\t\t\t\t<div class=\"elementor-element elementor-element-98bb052 exad-sticky-section-no exad-glass-effect-no elementor-widget elementor-widget-heading\" data-id=\"98bb052\" data-element_type=\"widget\" data-widget_type=\"heading.default\">\n\t\t\t\t<div class=\"elementor-widget-container\">\n\t\t\t\t\t<h1 class=\"elementor-heading-title elementor-size-default\">En construction<\/h1>\t\t\t\t<\/div>\n\t\t\t\t<\/div>\n\t\t\t\t\t<\/div>\n\t\t\t\t<\/div>\n\t\t<div class=\"elementor-element elementor-element-0e05cdd e-flex e-con-boxed e-con e-parent\" data-id=\"0e05cdd\" data-element_type=\"container\">\n\t\t\t\t\t<div class=\"e-con-inner\">\n\t\t\t\t\t<\/div>\n\t\t\t\t<\/div>\n\t\t\t\t<\/div>\n\t\t","protected":false},"excerpt":{"rendered":"<p>Adh\u00e9sion \u00e0 la SARM Proc\u00e9dure d&rsquo;adh\u00e9sion \u00e0 la SARM Avant de commencer le processus d\u2019adh\u00e9sion en ligne, veuillez prendre connaissance des \u00e9l\u00e9ments suivants : La cr\u00e9ation d\u2019un compte personnel sur ce site est obligatoire pour les adh\u00e9rents. Le formulaire d\u2019adh\u00e9sion <a href=\"https:\/\/sarm-dz.com\/index.php\/inscription\/\" class=\"read-more\">Read More &#8230;<\/a><\/p>\n","protected":false},"author":1,"featured_media":0,"parent":0,"menu_order":0,"comment_status":"closed","ping_status":"closed","template":"","meta":{"om_disable_all_campaigns":false,"_monsterinsights_skip_tracking":false,"_monsterinsights_sitenote_active":false,"_monsterinsights_sitenote_note":"","_monsterinsights_sitenote_category":0,"footnotes":""},"aioseo_notices":[],"_links":{"self":[{"href":"https:\/\/sarm-dz.com\/index.php\/wp-json\/wp\/v2\/pages\/80"}],"collection":[{"href":"https:\/\/sarm-dz.com\/index.php\/wp-json\/wp\/v2\/pages"}],"about":[{"href":"https:\/\/sarm-dz.com\/index.php\/wp-json\/wp\/v2\/types\/page"}],"author":[{"embeddable":true,"href":"https:\/\/sarm-dz.com\/index.php\/wp-json\/wp\/v2\/users\/1"}],"replies":[{"embeddable":true,"href":"https:\/\/sarm-dz.com\/index.php\/wp-json\/wp\/v2\/comments?post=80"}],"version-history":[{"count":89,"href":"https:\/\/sarm-dz.com\/index.php\/wp-json\/wp\/v2\/pages\/80\/revisions"}],"predecessor-version":[{"id":1971,"href":"https:\/\/sarm-dz.com\/index.php\/wp-json\/wp\/v2\/pages\/80\/revisions\/1971"}],"wp:attachment":[{"href":"https:\/\/sarm-dz.com\/index.php\/wp-json\/wp\/v2\/media?parent=80"}],"curies":[{"name":"wp","href":"https:\/\/api.w.org\/{rel}","templated":true}]}}